{"id":157,"date":"2018-05-03T18:44:25","date_gmt":"2018-05-03T16:44:25","guid":{"rendered":"http:\/\/xn--plckhahn-vogel-hsb.de\/?page_id=157"},"modified":"2020-11-25T13:47:09","modified_gmt":"2020-11-25T12:47:09","slug":"dietrich-plueckhahn-als-buchautor","status":"publish","type":"page","link":"https:\/\/musik-satire.de\/?page_id=157","title":{"rendered":"Dietrich Pl\u00fcckhahn als Buchautor"},"content":{"rendered":"<p><strong>Mein kleiner Verrat an der gro\u00dfen Sache \u2026<\/strong><\/p>\r\n<p>\u2026 ist die kritisch-ironische R\u00fcckschau eines ehemals Linksradikalen auf seine kommunistische Parteivergangenheit. Der zwischenzeitlich erblindete Autor vermutet allerdings, die richtige Sicht auf die Dinge nur wegen seiner Blindheit verloren zu haben. Er erz\u00e4hlt seine Geschichte deshalb aus der Haltung desjenigen heraus, der f\u00fcr seine Abkehr von der revolution\u00e4ren Sache eigentlich gar nichts kann. Man erf\u00e4hrt in diesem Buch viel \u00fcber die selbsternannten Klassenk\u00e4mpfer der Nach-68er Jahre, \u00fcber ihren von Argwohn gepr\u00e4gten Umgang miteinander und ihre oft bis ins L\u00e4cherliche gehende Realit\u00e4tsferne. Dar\u00fcber hinaus gew\u00e4hrt der Autor Einblick in die manchmal kurios anmutende Lebenswelt eines Menschen, der sich auf seinen Geh\u00f6rsinn, seinen Tastsinn und seine Intuition verlassen muss.<\/p>\r\n<p><a href=\"https:\/\/www.neobooks.com\/ebooks\/dietrich-plueckhahn-mein-kleiner-verrat-an-der-grossen-sache-ebook-neobooks-AWFN0lDonUUXdZUaOyWu?toplistType=undefined\">Dietrich Pl\u00fcckhahn: Mein kleiner Verrat an der gro\u00dfen Sache<\/a><\/p>\r\n<p>Taschenbuch 10,00 \u20ac (ISBN: 978374671223)<\/p>\r\n<p>Ebook 4,99 \u20ac (ISBN: 978-3-7427-4569-9)<\/p>\r\n<p>&#160;<br \/>\r\n&#160;<br \/>\r\n&#160;<\/p>","protected":false},"excerpt":{"rendered":"<p>Mein kleiner Verrat an der gro\u00dfen Sache \u2026 \u2026 ist die kritisch-ironische R\u00fcckschau eines ehemals Linksradikalen auf seine kommunistische Parteivergangenheit. Der zwischenzeitlich erblindete Autor vermutet<\/p>\n","protected":false},"author":2,"featured_media":0,"parent":0,"menu_order":0,"comment_status":"closed","ping_status":"closed","template":"","meta":[],"_links":{"self":[{"href":"https:\/\/musik-satire.de\/index.php?rest_route=\/wp\/v2\/pages\/157"}],"collection":[{"href":"https:\/\/musik-satire.de\/index.php?rest_route=\/wp\/v2\/pages"}],"about":[{"href":"https:\/\/musik-satire.de\/index.php?rest_route=\/wp\/v2\/types\/page"}],"author":[{"embeddable":true,"href":"https:\/\/musik-satire.de\/index.php?rest_route=\/wp\/v2\/users\/2"}],"replies":[{"embeddable":true,"href":"https:\/\/musik-satire.de\/index.php?rest_route=%2Fwp%2Fv2%2Fcomments&post=157"}],"version-history":[{"count":8,"href":"https:\/\/musik-satire.de\/index.php?rest_route=\/wp\/v2\/pages\/157\/revisions"}],"predecessor-version":[{"id":402,"href":"https:\/\/musik-satire.de\/index.php?rest_route=\/wp\/v2\/pages\/157\/revisions\/402"}],"wp:attachment":[{"href":"https:\/\/musik-satire.de\/index.php?rest_route=%2Fwp%2Fv2%2Fmedia&parent=157"}],"curies":[{"name":"wp","href":"https:\/\/api.w.org\/{rel}","templated":true}]}}