{"id":108,"date":"2016-05-23T13:35:22","date_gmt":"2016-05-23T11:35:22","guid":{"rendered":"http:\/\/xn--plckhahn-vogel-hsb.de\/?page_id=108"},"modified":"2020-11-25T11:38:50","modified_gmt":"2020-11-25T10:38:50","slug":"impressum","status":"publish","type":"page","link":"https:\/\/musik-satire.de\/?page_id=108","title":{"rendered":"Impressum"},"content":{"rendered":"<h5>Angaben gem\u00e4\u00df \u00a7 5 TMG:<\/h5>\r\n<p>Pl\u00fcckhahn &amp; Vogel<br \/>\r\nAm Schlachtensee 82<br \/>\r\n14129 Berlin<\/p>\r\n<h5>Vertreten durch:<\/h5>\r\n<p>Dr. Dietrich Pl\u00fcckhahn und Daniel Vogel<\/p>\r\n<h5>Kontakt:<\/h5>\r\n<p>E-Mail:\tdpdv@pl\u00fcckhahn-vogel.de<\/p>\r\n<h3>Haftungsausschluss<\/h3>\r\n<p>Alle Informationen auf dieser Website dienen lediglich dem Ziel einer \u00dcbersicht und einer Kommentierung einzelner Aspekte der behandelten Themen. Die ver\u00f6ffentlichten Inhalte erheben keinen Anspruch auf Vollst\u00e4ndigkeit und stellen weder eine individuelle Auskunft, Beratung oder Empfehlung, einen dementsprechenden Rat noch ein Gutachten dar. Obwohl sich der Autor\/Websitebetreiber bei Ermittlung und Auswahl der Informationen um gr\u00f6\u00dftm\u00f6gliche Sorgfalt bem\u00fcht hat, \u00fcbernehmen diese keinerlei Gew\u00e4hr f\u00fcr deren Richtigkeit, Vollst\u00e4ndigkeit und Aktualit\u00e4t.<br \/>\r\nDie Informationen auf dieser Website f\u00fchren zu keinerlei Vertragsverh\u00e4ltnis. Ihrer Ver\u00f6ffentlichung liegt kein rechtsgesch\u00e4ftlicher Wille zugrunde.<\/p>\r\n<p>Haftungsanspr\u00fcche gegen den Autor\/Websitebetreiber, welche sich auf Sch\u00e4den materieller oder ideeller Art beziehen, die durch die Nutzung oder Nichtnutzung der dargebotenen Informationen bzw. durch die Nutzung fehlerhafter und unvollst\u00e4ndiger Informationen verursacht wurden, sind grunds\u00e4tzlich ausgeschlossen, sofern seitens des Autors\/Websitebetreibers kein nachweislich vors\u00e4tzliches oder grob fahrl\u00e4ssiges Verschulden vorliegt. Alle Angebote sind freibleibend und unverbindlich. Der Autor\/Websitebetreiber beh\u00e4lt es sich ausdr\u00fccklich vor, Teile der Seiten oder das gesamte Angebot ohne gesonderte Ank\u00fcndigung zu ver\u00e4ndern, zu erg\u00e4nzen, zu l\u00f6schen oder die Ver\u00f6ffentlichung zeitweise oder endg\u00fcltig einzustellen.<\/p>\r\n<p>Bei direkten oder indirekten Verweisen auf fremde Internetseiten (\u201cLinks\u201d), die au\u00dferhalb des Verantwortungsbereiches des Autors\/Websitebetreibers liegen, tritt eine Haftungsverpflichtung ausschlie\u00dflich in dem Fall ein, in dem der Autor\/Websitebetreiber von den Inhalten Kenntnis hat und es ihm technisch m\u00f6glich und zumutbar w\u00e4re, die Nutzung im Falle rechtswidriger Inhalte zu verhindern. Der Autor\/Websitebetreiber erkl\u00e4rt daher ausdr\u00fccklich, dass zum Zeitpunkt der Linksetzung die entsprechenden verlinkten Seiten frei von illegalen Inhalten waren. Der Autor hat keinerlei Einfluss auf die aktuelle und zuk\u00fcnftige Gestaltung und auf die Inhalte der gelinkten\/verkn\u00fcpften Seiten. Deshalb distanziert er sich hiermit ausdr\u00fccklich von allen Inhalten aller gelinkten \/verkn\u00fcpften Seiten, die nach der Linksetzung ver\u00e4ndert wurden. F\u00fcr illegale, fehlerhafte oder unvollst\u00e4ndige Inhalte und insbesondere f\u00fcr Sch\u00e4den, die aus der Nutzung oder Nichtnutzung solcherart dargebotener Informationen entstehen, haftet allein der Anbieter der Seite, auf welche verwiesen wurde, nicht derjenige, der \u00fcber Links auf die jeweilige Ver\u00f6ffentlichung lediglich verweist.<\/p>\r\n<h3>Online-Streitbeilegung gem. Art. 14 Abs. 1 ODR-Verordnung<\/h3>\r\n<p>Die EU-Kommission stellt eine Plattform zur Online-Streitbeilegung (OS) bereit, die Sie unter http:\/\/ec.europa.eu\/consumers\/odr\/ finden.<\/p>","protected":false},"excerpt":{"rendered":"<p>Angaben gem\u00e4\u00df \u00a7 5 TMG: Pl\u00fcckhahn &amp; Vogel Am Schlachtensee 82 14129 Berlin Vertreten durch: Dr. Dietrich Pl\u00fcckhahn und Daniel Vogel Kontakt: E-Mail: dpdv@pl\u00fcckhahn-vogel.de Haftungsausschluss<\/p>\n","protected":false},"author":1,"featured_media":0,"parent":0,"menu_order":0,"comment_status":"closed","ping_status":"closed","template":"","meta":[],"_links":{"self":[{"href":"https:\/\/musik-satire.de\/index.php?rest_route=\/wp\/v2\/pages\/108"}],"collection":[{"href":"https:\/\/musik-satire.de\/index.php?rest_route=\/wp\/v2\/pages"}],"about":[{"href":"https:\/\/musik-satire.de\/index.php?rest_route=\/wp\/v2\/types\/page"}],"author":[{"embeddable":true,"href":"https:\/\/musik-satire.de\/index.php?rest_route=\/wp\/v2\/users\/1"}],"replies":[{"embeddable":true,"href":"https:\/\/musik-satire.de\/index.php?rest_route=%2Fwp%2Fv2%2Fcomments&post=108"}],"version-history":[{"count":9,"href":"https:\/\/musik-satire.de\/index.php?rest_route=\/wp\/v2\/pages\/108\/revisions"}],"predecessor-version":[{"id":399,"href":"https:\/\/musik-satire.de\/index.php?rest_route=\/wp\/v2\/pages\/108\/revisions\/399"}],"wp:attachment":[{"href":"https:\/\/musik-satire.de\/index.php?rest_route=%2Fwp%2Fv2%2Fmedia&parent=108"}],"curies":[{"name":"wp","href":"https:\/\/api.w.org\/{rel}","templated":true}]}}